{"id":990483,"date":"2024-10-08T13:44:00","date_gmt":"2024-10-08T12:44:00","guid":{"rendered":"https:\/\/www.vipava1894.si\/?post_type=product&#038;p=990483"},"modified":"2025-06-01T13:59:20","modified_gmt":"2025-06-01T12:59:20","slug":"penina-theodosius","status":"publish","type":"product","link":"https:\/\/www.vipava1894.si\/en\/product\/penina-theodosius\/","title":{"rendered":"Sparkling wine Theodosius (6x)"},"content":{"rendered":"<div class=\"vgblk-rw-wrapper limit-wrapper\">Ta penina, pridelana po &#8216;charmat metodi&#8217;, ima iskrivo svetlo zeleno barvo z odtenki rumene. Vonj izra\u017ea vonjave citrusov, mu\u0161kata, pra\u017eenih mandljev, kvasnih tonov in kruhove skorje. Vonj je kompleksen. Penina slastnega okusa, njeni fini mehur\u010dki v kombinaciji s sladkorjem ugajajo \u0161ir\u0161emu krogu ljudi. Poudarjeni sta pitnost in aroma. Sorta: rebula, la\u0161ki rizling in rumeni mu\u0161kat.<\/p>\n<p>&nbsp;<\/p><\/div>\n<p><!-- .vgblk-rw-wrapper --><\/p>","protected":false},"excerpt":{"rendered":"<p><em>Fine bubbles awaken our senses.<\/em><\/p>","protected":false},"featured_media":990484,"template":"","meta":{"om_disable_all_campaigns":false},"product_cat":[62],"product_tag":[],"aioseo_notices":[],"jetpack_sharing_enabled":true,"_links":{"self":[{"href":"https:\/\/www.vipava1894.si\/en\/wp-json\/wp\/v2\/product\/990483"}],"collection":[{"href":"https:\/\/www.vipava1894.si\/en\/wp-json\/wp\/v2\/product"}],"about":[{"href":"https:\/\/www.vipava1894.si\/en\/wp-json\/wp\/v2\/types\/product"}],"version-history":[{"count":2,"href":"https:\/\/www.vipava1894.si\/en\/wp-json\/wp\/v2\/product\/990483\/revisions"}],"predecessor-version":[{"id":990826,"href":"https:\/\/www.vipava1894.si\/en\/wp-json\/wp\/v2\/product\/990483\/revisions\/990826"}],"wp:featuredmedia":[{"embeddable":true,"href":"https:\/\/www.vipava1894.si\/en\/wp-json\/wp\/v2\/media\/990484"}],"wp:attachment":[{"href":"https:\/\/www.vipava1894.si\/en\/wp-json\/wp\/v2\/media?parent=990483"}],"wp:term":[{"taxonomy":"product_cat","embeddable":true,"href":"https:\/\/www.vipava1894.si\/en\/wp-json\/wp\/v2\/product_cat?post=990483"},{"taxonomy":"product_tag","embeddable":true,"href":"https:\/\/www.vipava1894.si\/en\/wp-json\/wp\/v2\/product_tag?post=990483"}],"curies":[{"name":"wp","href":"https:\/\/api.w.org\/{rel}","templated":true}]}}