{"id":990163,"date":"2024-09-26T13:08:13","date_gmt":"2024-09-26T12:08:13","guid":{"rendered":"https:\/\/www.vipava1894.si\/?post_type=product&#038;p=990163"},"modified":"2026-03-23T12:06:32","modified_gmt":"2026-03-23T11:06:32","slug":"lanthieri-chardonnay-6x","status":"publish","type":"product","link":"https:\/\/www.vipava1894.si\/en\/product\/lanthieri-chardonnay-6x\/","title":{"rendered":"Lanthieri &#8211; Chardonnay (6x)"},"content":{"rendered":"<div class=\"vgblk-rw-wrapper limit-wrapper\"><strong>Scent:\u00a0<\/strong>Ripe pineapple, baked apples, and butter are present, with subtle undertones of dried lemon zest.<br \/>\n<strong><br \/>\nPalate:\u00a0<\/strong>Soft with a creamy texture and a powerful aroma. A delicate acidity keeps the wine vibrant. The initial impression is sweet and full-bodied, followed by a long, fruity aroma. This is a Chardonnay that leaves a lasting impression.<\/p>\n<p><strong>Pairing Suggestions:\u00a0<\/strong>We recommend it with white meat or richer fish accompanied by creamy sauces. It also pairs well with grilled fatty meats.<\/p>\n<p><strong>Variety:\u00a0<\/strong>100% Chardonnay<\/p>\n<p><strong>Temperature:\u00a0<\/strong>15-18 \u00b0C<\/div>\n<p><!-- .vgblk-rw-wrapper --><\/p>","protected":false},"excerpt":{"rendered":"<p>Vonj:\u00a0Zrel ananas, pe\u010dena jabolka, maslo. Suha limonina skorja v odtenku. Okus:\u00a0Mehak, kremaste teksture, z mo\u010dno aromo. Ne\u017ena kislost vino ohranja \u017eivahno. Prvi ob\u010dutek je sladkoben, poln. Spremlja ga dolga sadna aroma. Je chardonnay, ki nase opominja dolgo \u010dasa. Kombinacija s hrano:\u00a0Svetujemo k belemu mesu ali mo\u010dni ribi v spremljavi kremastih omak. Poda se k mesu&#8230;<\/p>","protected":false},"featured_media":990169,"template":"","meta":{"om_disable_all_campaigns":false},"product_cat":[59],"product_tag":[],"aioseo_notices":[],"jetpack_sharing_enabled":true,"_links":{"self":[{"href":"https:\/\/www.vipava1894.si\/en\/wp-json\/wp\/v2\/product\/990163"}],"collection":[{"href":"https:\/\/www.vipava1894.si\/en\/wp-json\/wp\/v2\/product"}],"about":[{"href":"https:\/\/www.vipava1894.si\/en\/wp-json\/wp\/v2\/types\/product"}],"version-history":[{"count":1,"href":"https:\/\/www.vipava1894.si\/en\/wp-json\/wp\/v2\/product\/990163\/revisions"}],"predecessor-version":[{"id":990170,"href":"https:\/\/www.vipava1894.si\/en\/wp-json\/wp\/v2\/product\/990163\/revisions\/990170"}],"wp:featuredmedia":[{"embeddable":true,"href":"https:\/\/www.vipava1894.si\/en\/wp-json\/wp\/v2\/media\/990169"}],"wp:attachment":[{"href":"https:\/\/www.vipava1894.si\/en\/wp-json\/wp\/v2\/media?parent=990163"}],"wp:term":[{"taxonomy":"product_cat","embeddable":true,"href":"https:\/\/www.vipava1894.si\/en\/wp-json\/wp\/v2\/product_cat?post=990163"},{"taxonomy":"product_tag","embeddable":true,"href":"https:\/\/www.vipava1894.si\/en\/wp-json\/wp\/v2\/product_tag?post=990163"}],"curies":[{"name":"wp","href":"https:\/\/api.w.org\/{rel}","templated":true}]}}