{"id":988929,"date":"2024-03-07T15:01:13","date_gmt":"2024-03-07T14:01:13","guid":{"rendered":"https:\/\/www.vipava1894.si\/?post_type=product&#038;p=988929"},"modified":"2025-06-01T13:59:46","modified_gmt":"2025-06-01T12:59:46","slug":"penina-rose-6-x-075l","status":"publish","type":"product","link":"https:\/\/www.vipava1894.si\/en\/product\/penina-rose-6-x-075l\/","title":{"rendered":"Sparkling rose wine 6 x 0.75L"},"content":{"rendered":"<div class=\"vgblk-rw-wrapper limit-wrapper\"><strong>Scent: <\/strong>Izrazit vonj drobnih rde\u010dih sade\u017eev.<\/p>\n<p>Prepoznamo lahko malino, brusnico in rde\u010di ribez.<\/p>\n<p>&nbsp;<\/p>\n<p><strong>Palate: <\/strong>Poln, s sve\u017eino finih mehur\u010dkov. Nekoliko<\/p>\n<p>mo\u010dnej\u0161i, vendar prijeten. V zaklju\u010dku vina se<\/p>\n<p>sadni vtis ponovi in pospremi.<\/p>\n<p>&nbsp;<\/p>\n<p><strong>Pairing Suggestions: <\/strong>Poda se kot aperitiv.<\/p>\n<p>Ponudimo jo lahko tudi s sezonskimi sadnimi<\/p>\n<p>pitami, \u0161kampi ali surovim lososom.<\/p>\n<p><strong>\u00a0<\/strong><\/p>\n<p><strong>Variety: <\/strong>100% Barbera<\/p>\n<p><strong>Temperature: <\/strong>4-6 \u00b0C<\/p>\n<p><strong>\u00a0<\/strong><\/div>\n<p><!-- .vgblk-rw-wrapper --><\/p>","protected":false},"excerpt":{"rendered":"<p>Vonj: Izrazit vonj drobnih rde\u010dih sade\u017eev. Prepoznamo lahko malino, brusnico in rde\u010di ribez. &nbsp; Okus: Poln, s sve\u017eino finih mehur\u010dkov. Nekoliko mo\u010dnej\u0161i, vendar prijeten. V zaklju\u010dku vina se sadni vtis ponovi in pospremi. &nbsp; Kombinacija s hrano: Poda se kot aperitiv. Ponudimo jo lahko tudi s sezonskimi sadnimi pitami, \u0161kampi ali surovim lososom. \u00a0 Sorta:&#8230;<\/p>","protected":false},"featured_media":990131,"template":"","meta":{"om_disable_all_campaigns":false},"product_cat":[62],"product_tag":[],"aioseo_notices":[],"jetpack_sharing_enabled":true,"_links":{"self":[{"href":"https:\/\/www.vipava1894.si\/en\/wp-json\/wp\/v2\/product\/988929"}],"collection":[{"href":"https:\/\/www.vipava1894.si\/en\/wp-json\/wp\/v2\/product"}],"about":[{"href":"https:\/\/www.vipava1894.si\/en\/wp-json\/wp\/v2\/types\/product"}],"version-history":[{"count":2,"href":"https:\/\/www.vipava1894.si\/en\/wp-json\/wp\/v2\/product\/988929\/revisions"}],"predecessor-version":[{"id":991254,"href":"https:\/\/www.vipava1894.si\/en\/wp-json\/wp\/v2\/product\/988929\/revisions\/991254"}],"wp:featuredmedia":[{"embeddable":true,"href":"https:\/\/www.vipava1894.si\/en\/wp-json\/wp\/v2\/media\/990131"}],"wp:attachment":[{"href":"https:\/\/www.vipava1894.si\/en\/wp-json\/wp\/v2\/media?parent=988929"}],"wp:term":[{"taxonomy":"product_cat","embeddable":true,"href":"https:\/\/www.vipava1894.si\/en\/wp-json\/wp\/v2\/product_cat?post=988929"},{"taxonomy":"product_tag","embeddable":true,"href":"https:\/\/www.vipava1894.si\/en\/wp-json\/wp\/v2\/product_tag?post=988929"}],"curies":[{"name":"wp","href":"https:\/\/api.w.org\/{rel}","templated":true}]}}