{"id":988172,"date":"2023-12-05T13:32:18","date_gmt":"2023-12-05T13:32:18","guid":{"rendered":"https:\/\/www.vipava1894.si\/product\/white-label-rose\/"},"modified":"2025-08-01T00:04:57","modified_gmt":"2025-07-31T23:04:57","slug":"white-label-rose","status":"publish","type":"product","link":"https:\/\/www.vipava1894.si\/en\/product\/white-label-rose\/","title":{"rendered":"Ventus &#8211; Rose (6x)"},"content":{"rendered":"<div class=\"vgblk-rw-wrapper limit-wrapper\">Iskriva granatno rde\u010da barva z roza odtenkom. Sortne zaznave Merlota s poudarkom jagod, malin in drobnega rde\u010dega sadja. Aroma je obstojna in \u010dez \u010das poka\u017ee svojo kompleksnost.<\/p>\n<p>Vino srednje polnega okusa z zaznavami jagodi\u010devja. Sve\u017ee, igrivo in harmoni\u010dno vino.<\/p>\n<p><strong><em>Alcohol:\u00a0<\/em><\/strong><em>13 % vol.<\/em><br \/>\n<strong><em>Total acids:\u00a0\u00a0<\/em><\/strong><em>4,6 g\/L<\/em><br \/>\n<strong><em>Sugar:<\/em><\/strong>\u00a0<em>6,1 g\/L<\/em><\/div>\n<p><!-- .vgblk-rw-wrapper --><\/p>","protected":false},"excerpt":{"rendered":"<p>Iskriva granatno rde\u010da barva z roza odtenkom. Sortne zaznave Merlota s poudarkom jagod, malin in drobnega rde\u010dega sadja. Aroma je obstojna in \u010dez \u010das poka\u017ee svojo kompleksnost. Vino srednje polnega okusa z zaznavami jagodi\u010devja. Sve\u017ee, igrivo in harmoni\u010dno vino. Alkohol:\u00a013 % vol. Skupne kisline:\u00a0\u00a04,6 g\/L Sladkor:\u00a06,1 g\/L<\/p>","protected":false},"featured_media":990708,"template":"","meta":{"om_disable_all_campaigns":false},"product_cat":[63],"product_tag":[],"aioseo_notices":[],"jetpack_sharing_enabled":true,"_links":{"self":[{"href":"https:\/\/www.vipava1894.si\/en\/wp-json\/wp\/v2\/product\/988172"}],"collection":[{"href":"https:\/\/www.vipava1894.si\/en\/wp-json\/wp\/v2\/product"}],"about":[{"href":"https:\/\/www.vipava1894.si\/en\/wp-json\/wp\/v2\/types\/product"}],"version-history":[{"count":4,"href":"https:\/\/www.vipava1894.si\/en\/wp-json\/wp\/v2\/product\/988172\/revisions"}],"predecessor-version":[{"id":990497,"href":"https:\/\/www.vipava1894.si\/en\/wp-json\/wp\/v2\/product\/988172\/revisions\/990497"}],"wp:featuredmedia":[{"embeddable":true,"href":"https:\/\/www.vipava1894.si\/en\/wp-json\/wp\/v2\/media\/990708"}],"wp:attachment":[{"href":"https:\/\/www.vipava1894.si\/en\/wp-json\/wp\/v2\/media?parent=988172"}],"wp:term":[{"taxonomy":"product_cat","embeddable":true,"href":"https:\/\/www.vipava1894.si\/en\/wp-json\/wp\/v2\/product_cat?post=988172"},{"taxonomy":"product_tag","embeddable":true,"href":"https:\/\/www.vipava1894.si\/en\/wp-json\/wp\/v2\/product_tag?post=988172"}],"curies":[{"name":"wp","href":"https:\/\/api.w.org\/{rel}","templated":true}]}}