{"id":988159,"date":"2023-12-05T13:32:09","date_gmt":"2023-12-05T13:32:09","guid":{"rendered":"https:\/\/www.vipava1894.si\/product\/lanthieri-preizkusni-paket\/"},"modified":"2026-02-17T14:51:25","modified_gmt":"2026-02-17T13:51:25","slug":"lanthieri-preizkusni-paket","status":"publish","type":"product","link":"https:\/\/www.vipava1894.si\/en\/product\/lanthieri-preizkusni-paket\/","title":{"rendered":"Lanthieri &#8211; Preizkusni paket (6x)"},"content":{"rendered":"<div data-elementor-type=\"product-post\" data-elementor-id=\"988159\" class=\"elementor elementor-988159\" data-elementor-post-type=\"product\">\n\t\t\t\t<div class=\"elementor-element elementor-element-7788baac e-flex e-con-boxed e-con e-parent\" data-id=\"7788baac\" data-element_type=\"container\">\n\t\t\t\t\t<div class=\"e-con-inner\">\n\t\t\t\t<div class=\"elementor-element elementor-element-7f365872 elementor-widget elementor-widget-text-editor\" data-id=\"7f365872\" data-element_type=\"widget\" data-widget_type=\"text-editor.default\">\n\t\t\t\t<div class=\"elementor-widget-container\">\n\t\t\t<style>\/*! elementor - v3.23.0 - 05-06-2024 *\/\n.elementor-widget-text-editor.elementor-drop-cap-view-stacked .elementor-drop-cap{background-color:#69727d;color:#fff}.elementor-widget-text-editor.elementor-drop-cap-view-framed .elementor-drop-cap{color:#69727d;border:3px solid;background-color:transparent}.elementor-widget-text-editor:not(.elementor-drop-cap-view-default) .elementor-drop-cap{margin-top:8px}.elementor-widget-text-editor:not(.elementor-drop-cap-view-default) .elementor-drop-cap-letter{width:1em;height:1em}.elementor-widget-text-editor .elementor-drop-cap{float:left;text-align:center;line-height:1;font-size:50px}.elementor-widget-text-editor .elementor-drop-cap-letter{display:inline-block}<\/style>\t\t\t\t<p>BELO VINO LANTHIERI V PAKETU:<br \/>6 belih vin u v degustacijskem paketu. Odkrijte celotno ponudbo nove vrhunske linije LANTHIERI. Ro\u010dno izbrano suho kakovostno vino &#8211; ZGP.<\/p><p>ZELEN: saden, z \u017eivahno, harmoni\u010dno vgrajeno kislino. Zna\u010dilne sortne arome &#8211; najprej citrusi in suho jabolko, nato zeli\u0161\u010da. Lepa mineralnost, edinstvena in dolgotrajna.<\/p><p>PINELA: Sve\u017ee in z diskretno mineralnostjo. Okusna in dobro uravnote\u017eena, aroma belega sadja dolgo ostane v zaklju\u010dku.<\/p><p>SAUVIGNON BLANC: prepri\u010da z edinstvenimi aromami, inovativno vinifikacijo &#8211; vitko, a polno telo s citrusi in pasijonko, bogat okus in izjemna mineralnost ter dolg zaklju\u010dek<\/p><p>CHARDONNAY: \u010dudovito dostopen, odli\u010dno uravnote\u017een z globino. Sprva kremast, nato odtenki ananasa, ki jih dopolnjujejo odtenki zrelih citrusov, z dolgim in gladkim zaklju\u010dkom.<\/p><p>MALVAZIJA: dobro strukturirana, raznolika aroma se razvija od cvetli\u010dne, sadne do prijetne mineralnosti. Mehko, so\u010dno in aromati\u010dno z dolgim zaklju\u010dkom.<\/p><p>SIVI PINOT: \u010cudovita barva s pridihom bakra, harmoni\u010dna kompleksnost s citrusi, zrelimi belimi breskvami in pridihom krvave pomaran\u010de, nektarine in mandljevih cvetov.<\/p>\t\t\t\t\t\t<\/div>\n\t\t\t\t<\/div>\n\t\t\t\t\t<\/div>\n\t\t\t\t<\/div>\n\t\t\t\t<\/div>","protected":false},"excerpt":{"rendered":"<p>BELO VINO LANTHIERI V PAKETU:6 belih vin u v degustacijskem paketu. Odkrijte celotno ponudbo nove vrhunske linije LANTHIERI. Ro\u010dno izbrano suho kakovostno vino &#8211; ZGP. ZELEN: saden, z \u017eivahno, harmoni\u010dno vgrajeno kislino. Zna\u010dilne sortne arome &#8211; najprej citrusi in suho jabolko, nato zeli\u0161\u010da. Lepa mineralnost, edinstvena in dolgotrajna. PINELA: Sve\u017ee in z diskretno mineralnostjo. Okusna&#8230;<\/p>","protected":false},"featured_media":988284,"template":"","meta":{"om_disable_all_campaigns":false},"product_cat":[59],"product_tag":[],"aioseo_notices":[],"jetpack_sharing_enabled":true,"_links":{"self":[{"href":"https:\/\/www.vipava1894.si\/en\/wp-json\/wp\/v2\/product\/988159"}],"collection":[{"href":"https:\/\/www.vipava1894.si\/en\/wp-json\/wp\/v2\/product"}],"about":[{"href":"https:\/\/www.vipava1894.si\/en\/wp-json\/wp\/v2\/types\/product"}],"version-history":[{"count":5,"href":"https:\/\/www.vipava1894.si\/en\/wp-json\/wp\/v2\/product\/988159\/revisions"}],"predecessor-version":[{"id":992374,"href":"https:\/\/www.vipava1894.si\/en\/wp-json\/wp\/v2\/product\/988159\/revisions\/992374"}],"wp:featuredmedia":[{"embeddable":true,"href":"https:\/\/www.vipava1894.si\/en\/wp-json\/wp\/v2\/media\/988284"}],"wp:attachment":[{"href":"https:\/\/www.vipava1894.si\/en\/wp-json\/wp\/v2\/media?parent=988159"}],"wp:term":[{"taxonomy":"product_cat","embeddable":true,"href":"https:\/\/www.vipava1894.si\/en\/wp-json\/wp\/v2\/product_cat?post=988159"},{"taxonomy":"product_tag","embeddable":true,"href":"https:\/\/www.vipava1894.si\/en\/wp-json\/wp\/v2\/product_tag?post=988159"}],"curies":[{"name":"wp","href":"https:\/\/api.w.org\/{rel}","templated":true}]}}