{"id":988152,"date":"2023-12-05T13:32:06","date_gmt":"2023-12-05T13:32:06","guid":{"rendered":"https:\/\/www.vipava1894.si\/product\/lanthieri-barbera\/"},"modified":"2025-05-02T01:11:53","modified_gmt":"2025-05-02T00:11:53","slug":"lanthieri-barbera","status":"publish","type":"product","link":"https:\/\/www.vipava1894.si\/en\/product\/lanthieri-barbera\/","title":{"rendered":"Lanthieri \u2013 Barbera (6x)"},"content":{"rendered":"<div class=\"vgblk-rw-wrapper limit-wrapper\"><strong>Scent: <\/strong>Sour cherry and blackberry are prominent. Maturation notes, such as cinnamon, anise, caramel, and plum jam, are also discernible.<\/p>\n<p><strong>Palate: <\/strong>It offers an elegant and velvety mouthfeel, with a long aromatic impression. The wine shows a more lively character and soft tannins. The finish is medium-long, with aromas of overripe fruit and sweet spices.<\/p>\n<p><strong>Pairing Suggestions: <\/strong>It pairs well with grilled dishes or pasta featuring tomato-based sauces, garlic, and olives. It also complements roasted pork or wild boar, lamb, meatballs, grilled sausages, or rabbit.<\/p>\n<p><strong>Variety:<\/strong> 100 % Barbera<\/p>\n<p><strong>Temperature:<\/strong> 16-18 \u00b0C<\/div>\n<p><!-- .vgblk-rw-wrapper --><\/p>","protected":false},"excerpt":{"rendered":"<p>Vonj: Vi\u0161nja, robidnica. Najdemo tudi zorilne note, ki spomnijo na cimet, jane\u017e, karamelo ter slivovo marmelado. Okus: V ustih nam daje eleganten in \u017eameten ob\u010dutek, z dolgim aromati\u010dnim vtisom. Je bolj \u017eivahnega zna\u010daja in mehkih taninov. Zaklju\u010dek je srednje dolg z aromo prezrelega sadja in sladkih za\u010dimb. Kombinacija s hrano: Kombinira se s hrano z&#8230;<\/p>","protected":false},"featured_media":988390,"template":"","meta":{"om_disable_all_campaigns":false},"product_cat":[59],"product_tag":[],"aioseo_notices":[],"jetpack_sharing_enabled":true,"_links":{"self":[{"href":"https:\/\/www.vipava1894.si\/en\/wp-json\/wp\/v2\/product\/988152"}],"collection":[{"href":"https:\/\/www.vipava1894.si\/en\/wp-json\/wp\/v2\/product"}],"about":[{"href":"https:\/\/www.vipava1894.si\/en\/wp-json\/wp\/v2\/types\/product"}],"version-history":[{"count":4,"href":"https:\/\/www.vipava1894.si\/en\/wp-json\/wp\/v2\/product\/988152\/revisions"}],"predecessor-version":[{"id":988602,"href":"https:\/\/www.vipava1894.si\/en\/wp-json\/wp\/v2\/product\/988152\/revisions\/988602"}],"wp:featuredmedia":[{"embeddable":true,"href":"https:\/\/www.vipava1894.si\/en\/wp-json\/wp\/v2\/media\/988390"}],"wp:attachment":[{"href":"https:\/\/www.vipava1894.si\/en\/wp-json\/wp\/v2\/media?parent=988152"}],"wp:term":[{"taxonomy":"product_cat","embeddable":true,"href":"https:\/\/www.vipava1894.si\/en\/wp-json\/wp\/v2\/product_cat?post=988152"},{"taxonomy":"product_tag","embeddable":true,"href":"https:\/\/www.vipava1894.si\/en\/wp-json\/wp\/v2\/product_tag?post=988152"}],"curies":[{"name":"wp","href":"https:\/\/api.w.org\/{rel}","templated":true}]}}