{"id":988141,"date":"2023-12-05T13:32:01","date_gmt":"2023-12-05T13:32:01","guid":{"rendered":"https:\/\/www.vipava1894.si\/product\/vipavska-rebula\/"},"modified":"2026-03-23T12:10:55","modified_gmt":"2026-03-23T11:10:55","slug":"vipavska-rebula","status":"publish","type":"product","link":"https:\/\/www.vipava1894.si\/en\/product\/vipavska-rebula\/","title":{"rendered":"Vipavska Rebula (6x)"},"content":{"rendered":"<div class=\"vgblk-rw-wrapper limit-wrapper\"><strong>Scent: <\/strong>Intenziven vonj suhih marelic, zrelega tropskega sadja s poudarkom na ananasu in papaji. Zaznamo tudi posu\u0161eno limonino lupino s pridihom smole, usnja, pra\u017eenih mandljev in zeli\u0161\u010d.<\/p>\n<p><strong>Palate: <\/strong>Dry and structured, mineral with discernible tannins that leave a pleasant spicy finish. The aftertaste is long and intense.<\/p>\n<p><strong>Pairing Suggestions: <\/strong>It can be enjoyed on its own, but also beautifully complements poultry and pork dishes, as well as fish, especially salmon and tuna. It's also worth trying with goat kid and sheep's cheese.<\/p>\n<p>&nbsp;<\/p>\n<p><strong>Variety: <\/strong>100 % Rebula<\/p>\n<p><strong>Temperature:<\/strong> 15-18 \u00b0C<\/div>\n<p><!-- .vgblk-rw-wrapper --><\/p>","protected":false},"excerpt":{"rendered":"<p><em>Z vipavskim telesom, karakterjem in du\u0161o. Intenziven okus potrdi mineralen podpis Vipavske doline, ki se ka\u017ee v prijetni obstojnosti rebule s krepkim telesom in karakterjem.<br \/>\n<\/em><\/p>","protected":false},"featured_media":988428,"template":"","meta":{"om_disable_all_campaigns":false},"product_cat":[59],"product_tag":[],"aioseo_notices":[],"jetpack_sharing_enabled":true,"_links":{"self":[{"href":"https:\/\/www.vipava1894.si\/en\/wp-json\/wp\/v2\/product\/988141"}],"collection":[{"href":"https:\/\/www.vipava1894.si\/en\/wp-json\/wp\/v2\/product"}],"about":[{"href":"https:\/\/www.vipava1894.si\/en\/wp-json\/wp\/v2\/types\/product"}],"version-history":[{"count":6,"href":"https:\/\/www.vipava1894.si\/en\/wp-json\/wp\/v2\/product\/988141\/revisions"}],"predecessor-version":[{"id":988613,"href":"https:\/\/www.vipava1894.si\/en\/wp-json\/wp\/v2\/product\/988141\/revisions\/988613"}],"wp:featuredmedia":[{"embeddable":true,"href":"https:\/\/www.vipava1894.si\/en\/wp-json\/wp\/v2\/media\/988428"}],"wp:attachment":[{"href":"https:\/\/www.vipava1894.si\/en\/wp-json\/wp\/v2\/media?parent=988141"}],"wp:term":[{"taxonomy":"product_cat","embeddable":true,"href":"https:\/\/www.vipava1894.si\/en\/wp-json\/wp\/v2\/product_cat?post=988141"},{"taxonomy":"product_tag","embeddable":true,"href":"https:\/\/www.vipava1894.si\/en\/wp-json\/wp\/v2\/product_tag?post=988141"}],"curies":[{"name":"wp","href":"https:\/\/api.w.org\/{rel}","templated":true}]}}