{"id":340,"date":"2020-03-13T17:29:59","date_gmt":"2020-03-13T17:29:59","guid":{"rendered":"https:\/\/lagar.vamtam.com\/?page_id=340"},"modified":"2025-05-21T14:23:13","modified_gmt":"2025-05-21T13:23:13","slug":"vinogradi","status":"publish","type":"page","link":"https:\/\/www.vipava1894.si\/en\/zgodovina\/vinogradi\/","title":{"rendered":"Vinogradi"},"content":{"rendered":"<div data-elementor-type=\"wp-page\" data-elementor-id=\"340\" class=\"elementor elementor-340\" data-elementor-post-type=\"page\">\n\t\t\t\t\t\t<section class=\"elementor-section elementor-top-section elementor-element elementor-element-842a562 elementor-section-height-min-height elementor-section-content-bottom elementor-section-boxed elementor-section-height-default elementor-section-items-middle\" data-id=\"842a562\" data-element_type=\"section\" data-settings=\"{&quot;background_background&quot;:&quot;classic&quot;}\">\n\t\t\t\t\t\t\t<div class=\"elementor-background-overlay\"><\/div>\n\t\t\t\t\t\t\t<div class=\"elementor-container elementor-column-gap-default\">\n\t\t\t\t\t<div class=\"elementor-column elementor-col-100 elementor-top-column elementor-element elementor-element-4f542b5\" data-id=\"4f542b5\" data-element_type=\"column\">\n\t\t\t<div class=\"elementor-widget-wrap elementor-element-populated\">\n\t\t\t\t\t\t<div class=\"elementor-element elementor-element-93fc0da elementor-widget elementor-widget-heading\" data-id=\"93fc0da\" data-element_type=\"widget\" data-widget_type=\"heading.default\">\n\t\t\t\t<div class=\"elementor-widget-container\">\n\t\t\t<h1 class=\"elementor-heading-title elementor-size-default\">Vipavski vinogradi<\/h1>\t\t<\/div>\n\t\t\t\t<\/div>\n\t\t\t\t\t<\/div>\n\t\t<\/div>\n\t\t\t\t\t<\/div>\n\t\t<\/section>\n\t\t\t\t<section class=\"elementor-section elementor-top-section elementor-element elementor-element-fe91e54 elementor-section-height-min-height animated-slow elementor-section-boxed elementor-section-height-default elementor-section-items-middle elementor-invisible\" data-id=\"fe91e54\" data-element_type=\"section\" data-settings=\"{&quot;animation&quot;:&quot;fadeIn&quot;,&quot;animation_delay&quot;:400,&quot;background_background&quot;:&quot;classic&quot;}\">\n\t\t\t\t\t\t<div class=\"elementor-container elementor-column-gap-default\">\n\t\t\t\t\t<div class=\"elementor-column elementor-col-100 elementor-top-column elementor-element elementor-element-2e4dd9d\" data-id=\"2e4dd9d\" data-element_type=\"column\">\n\t\t\t<div class=\"elementor-widget-wrap elementor-element-populated\">\n\t\t\t\t\t\t<div class=\"elementor-element elementor-element-b13cd68 elementor-absolute elementor-widget elementor-widget-image\" data-id=\"b13cd68\" data-element_type=\"widget\" data-settings=\"{&quot;_position&quot;:&quot;absolute&quot;}\" data-widget_type=\"image.default\">\n\t\t\t\t<div class=\"elementor-widget-container\">\n\t\t\t\t\t\t\t<div class=\"elementor-image\">\n\t\t\t\t\t\t\t\t\t\t\t\t\t\t\t\t\t\t\t\t\t<img fetchpriority=\"high\" decoding=\"async\" width=\"178\" height=\"281\" src=\"https:\/\/www.vipava1894.si\/wp-content\/uploads\/2020\/03\/Vector.png\" class=\"attachment-large size-large wp-image-583\" alt=\"\" \/>\t\t\t\t\t\t\t\t\t\t\t\t\t\t\t\t\t\t\t\t\t\t\t\t<\/div>\n\t\t\t\t\t\t<\/div>\n\t\t\t\t<\/div>\n\t\t\t\t<div class=\"elementor-element elementor-element-89c4f1d elementor-invisible elementor-widget elementor-widget-heading\" data-id=\"89c4f1d\" data-element_type=\"widget\" data-settings=\"{&quot;_animation&quot;:&quot;fadeIn&quot;,&quot;_animation_delay&quot;:200}\" data-widget_type=\"heading.default\">\n\t\t\t\t<div class=\"elementor-widget-container\">\n\t\t\t<h6 class=\"elementor-heading-title elementor-size-default\">ZA\u010cETKI<\/h6>\t\t<\/div>\n\t\t\t\t<\/div>\n\t\t\t\t<div class=\"elementor-element elementor-element-62edc96 elementor-widget elementor-widget-heading\" data-id=\"62edc96\" data-element_type=\"widget\" data-widget_type=\"heading.default\">\n\t\t\t\t<div class=\"elementor-widget-container\">\n\t\t\t<h3 class=\"elementor-heading-title elementor-size-default\">Mit o nastanku Vipavske doline<\/h3>\t\t<\/div>\n\t\t\t\t<\/div>\n\t\t\t\t<div class=\"elementor-element elementor-element-49c75a6 elementor-widget elementor-widget-text-editor\" data-id=\"49c75a6\" data-element_type=\"widget\" data-widget_type=\"text-editor.default\">\n\t\t\t\t<div class=\"elementor-widget-container\">\n\t\t\t<style>\/*! elementor - v3.23.0 - 05-06-2024 *\/\n.elementor-widget-text-editor.elementor-drop-cap-view-stacked .elementor-drop-cap{background-color:#69727d;color:#fff}.elementor-widget-text-editor.elementor-drop-cap-view-framed .elementor-drop-cap{color:#69727d;border:3px solid;background-color:transparent}.elementor-widget-text-editor:not(.elementor-drop-cap-view-default) .elementor-drop-cap{margin-top:8px}.elementor-widget-text-editor:not(.elementor-drop-cap-view-default) .elementor-drop-cap-letter{width:1em;height:1em}.elementor-widget-text-editor .elementor-drop-cap{float:left;text-align:center;line-height:1;font-size:50px}.elementor-widget-text-editor .elementor-drop-cap-letter{display:inline-block}<\/style>\t\t\t\t<h5><span class=\"js-about-item-abstr\">\"This is from the time when God was creating our little piece of the world around here. First, he stopped the sea and the Vipava plain. And it seemed terribly beautiful to him. But the devil, who was always bothering him, didn't rest even then. He carried stones into the sea and rolled large rocks into it, so the water flooded the entire plain. God called the little angels for help. He gave each one a sack and ordered them to carry those devilish rocks and stones up towards Triglav. But the devil didn't give up and cut the angels' sacks so that the stones spilled out along the way. That's why there are so many small stones in the Karst today. When the angels were resting on Gora, the devil crept out of the chasms, which are everywhere around here, and cut their sacks even more, so that huge rocks fell out. When God noticed what he was doing, he struck the devil somewhere near Otlica, and he flew through the rock, creating a hole. Since then, the entire Gora has been just one stone. The sea no longer floods the Vipava Valley. But the devil bothered not only the Gorjans but also the people in the valley. He planted grapevines on the hills...\"<br \/><br \/><em>Franc \u010cernigoj, Javorov hudi\u010d<\/em><br \/><br \/><br \/><br \/><\/span><\/h5><p><span class=\"js-about-item-abstr\">\u00a0<\/span><\/p>\t\t\t\t\t\t<\/div>\n\t\t\t\t<\/div>\n\t\t\t\t<div class=\"elementor-element elementor-element-de9fac0 elementor-align-center elementor-widget elementor-widget-button\" data-id=\"de9fac0\" data-element_type=\"widget\" data-widget_type=\"button.default\">\n\t\t\t\t<div class=\"elementor-widget-container\">\n\t\t\t\t\t\t\t<div class=\"elementor-button-wrapper\">\n\t\t\t\t\t<a class=\"elementor-button elementor-button-link elementor-size-sm\" href=\"\/en\/zgodovina\/\">\n\t\t\t\t\t\t\t\t<span class=\"elementor-button-content-wrapper elementor-button-content-wrapper\">\n\t\t\n\t\t\t\t\t\t<span class=\"elementor-button-icon\">\n\t\t\t\t<svg aria-hidden=\"true\" class=\"e-font-icon-svg e-fas-arrow-right\" viewbox=\"0 0 448 512\" xmlns=\"http:\/\/www.w3.org\/2000\/svg\"><path d=\"M190.5 66.9l22.2-22.2c9.4-9.4 24.6-9.4 33.9 0L441 239c9.4 9.4 9.4 24.6 0 33.9L246.6 467.3c-9.4 9.4-24.6 9.4-33.9 0l-22.2-22.2c-9.5-9.5-9.3-25 .4-34.3L311.4 296H24c-13.3 0-24-10.7-24-24v-32c0-13.3 10.7-24 24-24h287.4L190.9 101.2c-9.8-9.3-10-24.8-.4-34.3z\"><\/path><\/svg>\t\t\t<\/span>\n\t\t\t\t\t\t\t\t\t<span class=\"elementor-button-text\">More about the history of Vipava 1894<\/span>\n\t\t\t\n\t\t\t\t<\/span>\n\t\t\t\t\t\t\t<\/a>\n\t\t\t\t<\/div>\n\t\t\t\t\t\t<\/div>\n\t\t\t\t<\/div>\n\t\t\t\t\t<\/div>\n\t\t<\/div>\n\t\t\t\t\t<\/div>\n\t\t<\/section>\n\t\t\t\t<section class=\"elementor-section elementor-top-section elementor-element elementor-element-cc751f2 elementor-section-height-min-height animated-slow elementor-section-boxed elementor-section-height-default elementor-section-items-middle elementor-invisible\" data-id=\"cc751f2\" data-element_type=\"section\" data-settings=\"{&quot;animation&quot;:&quot;fadeIn&quot;,&quot;animation_delay&quot;:400,&quot;background_background&quot;:&quot;classic&quot;}\">\n\t\t\t\t\t\t<div class=\"elementor-container elementor-column-gap-default\">\n\t\t\t\t\t<div class=\"elementor-column elementor-col-100 elementor-top-column elementor-element elementor-element-8bf4060\" data-id=\"8bf4060\" data-element_type=\"column\">\n\t\t\t<div class=\"elementor-widget-wrap elementor-element-populated\">\n\t\t\t\t\t\t<div class=\"elementor-element elementor-element-b95e8bf elementor-absolute elementor-widget elementor-widget-image\" data-id=\"b95e8bf\" data-element_type=\"widget\" data-settings=\"{&quot;_position&quot;:&quot;absolute&quot;}\" data-widget_type=\"image.default\">\n\t\t\t\t<div class=\"elementor-widget-container\">\n\t\t\t\t\t\t\t<div class=\"elementor-image\">\n\t\t\t\t\t\t\t\t\t\t\t\t\t\t\t\t\t\t\t\t\t<img fetchpriority=\"high\" decoding=\"async\" width=\"178\" height=\"281\" src=\"https:\/\/www.vipava1894.si\/wp-content\/uploads\/2020\/03\/Vector.png\" class=\"attachment-large size-large wp-image-583\" alt=\"\" \/>\t\t\t\t\t\t\t\t\t\t\t\t\t\t\t\t\t\t\t\t\t\t\t\t<\/div>\n\t\t\t\t\t\t<\/div>\n\t\t\t\t<\/div>\n\t\t\t\t<div class=\"elementor-element elementor-element-ef52e9b elementor-invisible elementor-widget elementor-widget-heading\" data-id=\"ef52e9b\" data-element_type=\"widget\" data-settings=\"{&quot;_animation&quot;:&quot;fadeIn&quot;,&quot;_animation_delay&quot;:200}\" data-widget_type=\"heading.default\">\n\t\t\t\t<div class=\"elementor-widget-container\">\n\t\t\t<h6 class=\"elementor-heading-title elementor-size-default\">Winegrowers<\/h6>\t\t<\/div>\n\t\t\t\t<\/div>\n\t\t\t\t<div class=\"elementor-element elementor-element-c795f8f elementor-widget elementor-widget-heading\" data-id=\"c795f8f\" data-element_type=\"widget\" data-widget_type=\"heading.default\">\n\t\t\t\t<div class=\"elementor-widget-container\">\n\t\t\t<h3 class=\"elementor-heading-title elementor-size-default\">The Winegrowers of the Vipava Valley<\/h3>\t\t<\/div>\n\t\t\t\t<\/div>\n\t\t\t\t<div class=\"elementor-element elementor-element-c90ace4 elementor-widget elementor-widget-text-editor\" data-id=\"c90ace4\" data-element_type=\"widget\" data-widget_type=\"text-editor.default\">\n\t\t\t\t<div class=\"elementor-widget-container\">\n\t\t\t\t\t\t\t<h5>Today, Vipava Winery proudly collaborates with over 300 grape growers, who are our most vital partners. Their grandparents, great-grandparents, and great-great-grandparents meticulously nurtured grapevines and watched over this unique cultural landscape. Today, the younger generation has taken responsibility, supporting the vision and plans of the new owners. They have offered their rich experience and invaluable viticultural knowledge, which is reflected in the premium quality of the wide range of wines from the Vipava cellar.<\/h5>\t\t\t\t\t\t<\/div>\n\t\t\t\t<\/div>\n\t\t\t\t<div class=\"elementor-element elementor-element-ae7e1bc elementor-hidden-phone elementor-invisible elementor-widget elementor-widget-image\" data-id=\"ae7e1bc\" data-element_type=\"widget\" data-settings=\"{&quot;_animation&quot;:&quot;imageGrowWithScaleLeft&quot;}\" data-widget_type=\"image.default\">\n\t\t\t\t<div class=\"elementor-widget-container\">\n\t\t\t\t\t\t\t<div class=\"elementor-image\">\n\t\t\t\t\t\t\t\t\t\t\t<div class=\"vamtam-image-wrapper\">\n\t\t\t\t\t\t\t\t\t\t\t\t\t\t\t\t\t\t\t\t\t<img decoding=\"async\" src=\"https:\/\/www.vipava1894.si\/wp-content\/uploads\/elementor\/thumbs\/Trgatev-Slap-Malik-Rebula-8294-scaled-qupwen8goqn7oob1iasylta20kuhhnbhhgpx3mpef4.jpg\" title=\"Trgatev &#8211; Slap &#8211; Malik &#8211; Rebula -8294\" alt=\"Trgatev - Slap - Malik - Rebula -8294\" loading=\"lazy\" \/>\t\t\t\t\t\t\t\t\t\t\t\t\t\t\t\t\t\t\t\t\t\t\t\t\t\t<\/div>\n\t\t\t\t\t\t\t\t\t<\/div>\n\t\t\t\t\t\t<\/div>\n\t\t\t\t<\/div>\n\t\t\t\t\t<\/div>\n\t\t<\/div>\n\t\t\t\t\t<\/div>\n\t\t<\/section>\n\t\t\t\t<section class=\"elementor-section elementor-top-section elementor-element elementor-element-9bb8c40 elementor-reverse-mobile elementor-section-boxed elementor-section-height-default elementor-section-height-default\" data-id=\"9bb8c40\" data-element_type=\"section\" data-settings=\"{&quot;background_background&quot;:&quot;classic&quot;}\">\n\t\t\t\t\t\t<div class=\"elementor-container elementor-column-gap-default\">\n\t\t\t\t\t<div class=\"elementor-column elementor-col-50 elementor-top-column elementor-element elementor-element-f1a70ac\" data-id=\"f1a70ac\" data-element_type=\"column\">\n\t\t\t<div class=\"elementor-widget-wrap elementor-element-populated\">\n\t\t\t\t\t\t<div class=\"elementor-element elementor-element-56d8309 elementor-hidden-phone elementor-invisible elementor-widget elementor-widget-image\" data-id=\"56d8309\" data-element_type=\"widget\" data-settings=\"{&quot;_animation&quot;:&quot;imageGrowWithScaleLeft&quot;}\" data-widget_type=\"image.default\">\n\t\t\t\t<div class=\"elementor-widget-container\">\n\t\t\t\t\t\t\t<div class=\"elementor-image\">\n\t\t\t\t\t\t\t\t\t\t\t<div class=\"vamtam-image-wrapper\">\n\t\t\t\t\t\t\t\t\t\t\t\t\t\t\t\t\t\t\t\t\t<img decoding=\"async\" src=\"https:\/\/www.vipava1894.si\/wp-content\/uploads\/elementor\/thumbs\/Trgatev-Smarje-Milos-Gruntar-7971-scaled-qupwekey48jcpuf4yrl2wbzo8f8duk0ah2rgnstkxs.jpg\" title=\"Trgatev &#8211; Smarje &#8211; Milos Gruntar -7971\" alt=\"Trgatev - Smarje - Milos Gruntar -7971\" loading=\"lazy\" \/>\t\t\t\t\t\t\t\t\t\t\t\t\t\t\t\t\t\t\t\t\t\t\t\t\t\t<\/div>\n\t\t\t\t\t\t\t\t\t<\/div>\n\t\t\t\t\t\t<\/div>\n\t\t\t\t<\/div>\n\t\t\t\t\t<\/div>\n\t\t<\/div>\n\t\t\t\t<div class=\"elementor-column elementor-col-50 elementor-top-column elementor-element elementor-element-01ff789\" data-id=\"01ff789\" data-element_type=\"column\">\n\t\t\t<div class=\"elementor-widget-wrap elementor-element-populated\">\n\t\t\t\t\t\t<div class=\"elementor-element elementor-element-502266c elementor-invisible elementor-widget elementor-widget-heading\" data-id=\"502266c\" data-element_type=\"widget\" data-settings=\"{&quot;_animation&quot;:&quot;fadeIn&quot;,&quot;_animation_delay&quot;:200}\" data-widget_type=\"heading.default\">\n\t\t\t\t<div class=\"elementor-widget-container\">\n\t\t\t<h6 class=\"elementor-heading-title elementor-size-default\">Treasures of the Vipava Valley<\/h6>\t\t<\/div>\n\t\t\t\t<\/div>\n\t\t\t\t<div class=\"elementor-element elementor-element-5a4ba98 elementor-widget elementor-widget-heading\" data-id=\"5a4ba98\" data-element_type=\"widget\" data-widget_type=\"heading.default\">\n\t\t\t\t<div class=\"elementor-widget-container\">\n\t\t\t<h3 class=\"elementor-heading-title elementor-size-default\">Proudly Indigenous to Vipava<\/h3>\t\t<\/div>\n\t\t\t\t<\/div>\n\t\t\t\t<div class=\"elementor-element elementor-element-15bc087 elementor-invisible elementor-widget elementor-widget-image\" data-id=\"15bc087\" data-element_type=\"widget\" data-settings=\"{&quot;_animation&quot;:&quot;imageGrowWithScaleRight&quot;}\" data-widget_type=\"image.default\">\n\t\t\t\t<div class=\"elementor-widget-container\">\n\t\t\t\t\t\t\t<div class=\"elementor-image\">\n\t\t\t\t\t\t\t\t\t\t\t<div class=\"vamtam-image-wrapper\">\n\t\t\t\t\t\t\t\t\t\t\t\t\t\t\t\t\t\t\t\t\t<img decoding=\"async\" width=\"2560\" height=\"1707\" src=\"https:\/\/www.vipava1894.si\/wp-content\/uploads\/2024\/03\/Smarje-jesen-Gruntar-rebula-7494-scaled.jpg\" class=\"attachment-full size-full wp-image-989088\" alt=\"\" srcset=\"https:\/\/www.vipava1894.si\/wp-content\/uploads\/2024\/03\/Smarje-jesen-Gruntar-rebula-7494-scaled.jpg 2560w, https:\/\/www.vipava1894.si\/wp-content\/uploads\/2024\/03\/Smarje-jesen-Gruntar-rebula-7494-scaled-375x250.jpg 375w, https:\/\/www.vipava1894.si\/wp-content\/uploads\/2024\/03\/Smarje-jesen-Gruntar-rebula-7494-scaled-750x500.jpg 750w, https:\/\/www.vipava1894.si\/wp-content\/uploads\/2024\/03\/Smarje-jesen-Gruntar-rebula-7494-300x200.jpg 300w, https:\/\/www.vipava1894.si\/wp-content\/uploads\/2024\/03\/Smarje-jesen-Gruntar-rebula-7494-1024x683.jpg 1024w, https:\/\/www.vipava1894.si\/wp-content\/uploads\/2024\/03\/Smarje-jesen-Gruntar-rebula-7494-768x512.jpg 768w, https:\/\/www.vipava1894.si\/wp-content\/uploads\/2024\/03\/Smarje-jesen-Gruntar-rebula-7494-1536x1024.jpg 1536w, https:\/\/www.vipava1894.si\/wp-content\/uploads\/2024\/03\/Smarje-jesen-Gruntar-rebula-7494-2048x1365.jpg 2048w, https:\/\/www.vipava1894.si\/wp-content\/uploads\/2024\/03\/Smarje-jesen-Gruntar-rebula-7494-630x420.jpg 630w, https:\/\/www.vipava1894.si\/wp-content\/uploads\/2024\/03\/Smarje-jesen-Gruntar-rebula-7494-1260x840.jpg 1260w\" sizes=\"(max-width: 2560px) 100vw, 2560px\" \/>\t\t\t\t\t\t\t\t\t\t\t\t\t\t\t\t\t\t\t\t\t\t\t\t\t\t<\/div>\n\t\t\t\t\t\t\t\t\t<\/div>\n\t\t\t\t\t\t<\/div>\n\t\t\t\t<\/div>\n\t\t\t\t<div class=\"elementor-element elementor-element-8978899 elementor-widget__width-initial elementor-absolute elementor-widget-mobile__width-initial elementor-widget elementor-widget-image\" data-id=\"8978899\" data-element_type=\"widget\" data-settings=\"{&quot;_position&quot;:&quot;absolute&quot;}\" data-widget_type=\"image.default\">\n\t\t\t\t<div class=\"elementor-widget-container\">\n\t\t\t\t\t\t\t<div class=\"elementor-image\">\n\t\t\t\t\t\t\t\t\t\t\t\t\t\t\t\t\t\t\t\t\t<img fetchpriority=\"high\" decoding=\"async\" width=\"178\" height=\"281\" src=\"https:\/\/www.vipava1894.si\/wp-content\/uploads\/2020\/03\/Vector.png\" class=\"attachment-large size-large wp-image-583\" alt=\"\" \/>\t\t\t\t\t\t\t\t\t\t\t\t\t\t\t\t\t\t\t\t\t\t\t\t<\/div>\n\t\t\t\t\t\t<\/div>\n\t\t\t\t<\/div>\n\t\t\t\t\t<\/div>\n\t\t<\/div>\n\t\t\t\t\t<\/div>\n\t\t<\/section>\n\t\t\t\t<section class=\"elementor-section elementor-top-section elementor-element elementor-element-1e95011 elementor-section-height-min-height elementor-section-boxed elementor-section-height-default elementor-section-items-middle\" data-id=\"1e95011\" data-element_type=\"section\" data-settings=\"{&quot;background_background&quot;:&quot;classic&quot;}\">\n\t\t\t\t\t\t\t<div class=\"elementor-background-overlay\"><\/div>\n\t\t\t\t\t\t\t<div class=\"elementor-container elementor-column-gap-default\">\n\t\t\t\t\t<div class=\"elementor-column elementor-col-100 elementor-top-column elementor-element elementor-element-4298a77\" data-id=\"4298a77\" data-element_type=\"column\">\n\t\t\t<div class=\"elementor-widget-wrap elementor-element-populated\">\n\t\t\t\t\t\t<div class=\"elementor-element elementor-element-835bd91 elementor-widget elementor-widget-heading\" data-id=\"835bd91\" data-element_type=\"widget\" data-widget_type=\"heading.default\">\n\t\t\t\t<div class=\"elementor-widget-container\">\n\t\t\t<h3 class=\"elementor-heading-title elementor-size-default\">There was a secret. \nA primal force. \nThere was a master. \nThe wisdom of ancestors. \nWine was born. \nWine that enchants.\n<\/h3>\t\t<\/div>\n\t\t\t\t<\/div>\n\t\t\t\t<div class=\"elementor-element elementor-element-4fe2694 elementor-absolute elementor-widget elementor-widget-image\" data-id=\"4fe2694\" data-element_type=\"widget\" data-settings=\"{&quot;_position&quot;:&quot;absolute&quot;}\" data-widget_type=\"image.default\">\n\t\t\t\t<div class=\"elementor-widget-container\">\n\t\t\t\t\t\t\t<div class=\"elementor-image\">\n\t\t\t\t\t\t\t\t\t\t\t\t\t\t\t\t\t\t\t\t\t<img fetchpriority=\"high\" decoding=\"async\" width=\"178\" height=\"281\" src=\"https:\/\/www.vipava1894.si\/wp-content\/uploads\/2020\/03\/Vector.png\" class=\"attachment-large size-large wp-image-583\" alt=\"\" \/>\t\t\t\t\t\t\t\t\t\t\t\t\t\t\t\t\t\t\t\t\t\t\t\t<\/div>\n\t\t\t\t\t\t<\/div>\n\t\t\t\t<\/div>\n\t\t\t\t\t<\/div>\n\t\t<\/div>\n\t\t\t\t\t<\/div>\n\t\t<\/section>\n\t\t\t\t<section class=\"elementor-section elementor-top-section elementor-element elementor-element-8fa4527 elementor-section-height-min-height elementor-section-boxed elementor-section-height-default elementor-section-items-middle\" data-id=\"8fa4527\" data-element_type=\"section\" data-settings=\"{&quot;background_background&quot;:&quot;classic&quot;}\">\n\t\t\t\t\t\t<div class=\"elementor-container elementor-column-gap-default\">\n\t\t\t\t\t<div class=\"elementor-column elementor-col-100 elementor-top-column elementor-element elementor-element-75c8afa\" data-id=\"75c8afa\" data-element_type=\"column\" data-settings=\"{&quot;background_background&quot;:&quot;classic&quot;}\">\n\t\t\t<div class=\"elementor-widget-wrap elementor-element-populated\">\n\t\t\t\t\t\t<div class=\"elementor-element elementor-element-2063f08 elementor-widget elementor-widget-heading\" data-id=\"2063f08\" data-element_type=\"widget\" data-widget_type=\"heading.default\">\n\t\t\t\t<div class=\"elementor-widget-container\">\n\t\t\t<h6 class=\"elementor-heading-title elementor-size-default\">experience<\/h6>\t\t<\/div>\n\t\t\t\t<\/div>\n\t\t\t\t<div class=\"elementor-element elementor-element-18574d2 elementor-widget elementor-widget-heading\" data-id=\"18574d2\" data-element_type=\"widget\" data-widget_type=\"heading.default\">\n\t\t\t\t<div class=\"elementor-widget-container\">\n\t\t\t<h2 class=\"elementor-heading-title elementor-size-default\">Taste Vipava wines!<\/h2>\t\t<\/div>\n\t\t\t\t<\/div>\n\t\t\t\t<div class=\"elementor-element elementor-element-b5ad77c elementor-widget elementor-widget-text-editor\" data-id=\"b5ad77c\" data-element_type=\"widget\" data-widget_type=\"text-editor.default\">\n\t\t\t\t<div class=\"elementor-widget-container\">\n\t\t\t\t\t\t\t<p><span class=\"js-about-item-abstr\">Come visit us for a tasting and cellar tour, where you can also purchase our wines at the Vipavka shop.<\/span><\/p>\t\t\t\t\t\t<\/div>\n\t\t\t\t<\/div>\n\t\t\t\t<div class=\"elementor-element elementor-element-75a4418 elementor-align-center elementor-widget elementor-widget-button\" data-id=\"75a4418\" data-element_type=\"widget\" data-widget_type=\"button.default\">\n\t\t\t\t<div class=\"elementor-widget-container\">\n\t\t\t\t\t\t\t<div class=\"elementor-button-wrapper\">\n\t\t\t\t\t<a class=\"elementor-button elementor-button-link elementor-size-sm\" href=\"\/en\/ogled\/\">\n\t\t\t\t\t\t\t\t<span class=\"elementor-button-content-wrapper elementor-button-content-wrapper\">\n\t\t\n\t\t\t\t\t\t<span class=\"elementor-button-icon\">\n\t\t\t\t<svg aria-hidden=\"true\" class=\"e-font-icon-svg e-fas-arrow-right\" viewbox=\"0 0 448 512\" xmlns=\"http:\/\/www.w3.org\/2000\/svg\"><path d=\"M190.5 66.9l22.2-22.2c9.4-9.4 24.6-9.4 33.9 0L441 239c9.4 9.4 9.4 24.6 0 33.9L246.6 467.3c-9.4 9.4-24.6 9.4-33.9 0l-22.2-22.2c-9.5-9.5-9.3-25 .4-34.3L311.4 296H24c-13.3 0-24-10.7-24-24v-32c0-13.3 10.7-24 24-24h287.4L190.9 101.2c-9.8-9.3-10-24.8-.4-34.3z\"><\/path><\/svg>\t\t\t<\/span>\n\t\t\t\t\t\t\t\t\t<span class=\"elementor-button-text\">Book a tasting<\/span>\n\t\t\t\n\t\t\t\t<\/span>\n\t\t\t\t\t\t\t<\/a>\n\t\t\t\t<\/div>\n\t\t\t\t\t\t<\/div>\n\t\t\t\t<\/div>\n\t\t\t\t\t<\/div>\n\t\t<\/div>\n\t\t\t\t\t<\/div>\n\t\t<\/section>\n\t\t\t\t<\/div>","protected":false},"excerpt":{"rendered":"<p>Vipavski vinogradi ZA\u010cETKI Mit o nastanku Vipavske doline &#8220;To je iz \u010dasov, ko je Bog delal na\u0161 ko\u0161\u010dek sveta tod naokoli. Ta prvo je ustavil morje in Vipavsko ravnino. In zdelo se mu je stra\u0161no lepo. A hudi\u010d, ki mu je skozi nagajal, tudi zdaj ni po\u010dival. V morje je nosil kamenje in valil vanje&#8230;<\/p>","protected":false},"author":6,"featured_media":0,"parent":336,"menu_order":0,"comment_status":"closed","ping_status":"closed","template":"","meta":{"om_disable_all_campaigns":false,"footnotes":""},"aioseo_notices":[],"jetpack_sharing_enabled":true,"_links":{"self":[{"href":"https:\/\/www.vipava1894.si\/en\/wp-json\/wp\/v2\/pages\/340"}],"collection":[{"href":"https:\/\/www.vipava1894.si\/en\/wp-json\/wp\/v2\/pages"}],"about":[{"href":"https:\/\/www.vipava1894.si\/en\/wp-json\/wp\/v2\/types\/page"}],"author":[{"embeddable":true,"href":"https:\/\/www.vipava1894.si\/en\/wp-json\/wp\/v2\/users\/6"}],"replies":[{"embeddable":true,"href":"https:\/\/www.vipava1894.si\/en\/wp-json\/wp\/v2\/comments?post=340"}],"version-history":[{"count":25,"href":"https:\/\/www.vipava1894.si\/en\/wp-json\/wp\/v2\/pages\/340\/revisions"}],"predecessor-version":[{"id":991029,"href":"https:\/\/www.vipava1894.si\/en\/wp-json\/wp\/v2\/pages\/340\/revisions\/991029"}],"up":[{"embeddable":true,"href":"https:\/\/www.vipava1894.si\/en\/wp-json\/wp\/v2\/pages\/336"}],"wp:attachment":[{"href":"https:\/\/www.vipava1894.si\/en\/wp-json\/wp\/v2\/media?parent=340"}],"curies":[{"name":"wp","href":"https:\/\/api.w.org\/{rel}","templated":true}]}}